{"id":124,"date":"2022-03-08T09:07:36","date_gmt":"2022-03-08T07:07:36","guid":{"rendered":"http:\/\/localhost:8888\/?page_id=124"},"modified":"2025-02-14T19:40:51","modified_gmt":"2025-02-14T19:40:51","slug":"tietosuojaseloste","status":"publish","type":"page","link":"https:\/\/www.saarirakentajat.fi\/index.php\/tietosuojaseloste\/","title":{"rendered":"Tietosuojaseloste"},"content":{"rendered":"\n<p><br><strong>Rekisterinpit\u00e4j\u00e4&nbsp;<\/strong><\/p>\n\n\n\n<p><br>Sis\u00e4-Suomen Saarirakennus Oy \u202f(y-tunnus: 3204695-1)\u00a0<br>My\u00f6hemmin t\u00e4ss\u00e4 selosteessa \u202fYritys<br>Tietosuoja-asioista vastaava henkil\u00f6 ja\/tai yhteyshenkil\u00f6<br>Reima Tast\u00a0<br>044 \u2013 206 6778\u00a0<br>info@saarirakentajat.fi<\/p>\n\n\n\n<p><br><strong>Henkil\u00f6rekisterin nimi<\/strong><\/p>\n\n\n\n<p><br>Sis\u00e4-Suomen Saarirakennus Oy\u202f asiakas- ja markkinointirekisteri&nbsp;<\/p>\n\n\n\n<p><br><strong>Ker\u00e4tt\u00e4v\u00e4t henkil\u00f6tiedot<\/strong><\/p>\n\n\n\n<p><br>Ker\u00e4\u00e4mme asiakassuhteen hoitamiseksi tarpeellisia henkil\u00f6tietoja, kuten asiakkaan<br>nimi ja yhteystiedot sek\u00e4 palvelun k\u00e4ytt\u00e4j\u00e4tietoja. Ker\u00e4\u00e4mme henkil\u00f6tiedot<br>rekister\u00f6idylt\u00e4 itselt\u00e4\u00e4n sek\u00e4 muista julkisista saatavilla olevista viranomaisen<br>yll\u00e4pit\u00e4mist\u00e4 rekistereist\u00e4 ja muista ulkoisista l\u00e4hteist\u00e4, kuten kaupparekisterist\u00e4 tai<br>muusta vastaavasta julkisesta yritysrekisterist\u00e4. Lis\u00e4ksi ker\u00e4\u00e4mme<br>yhteydenottolomakkeiden t\u00e4ytt\u00e4neiden tiedot ja k\u00e4yt\u00e4mme niit\u00e4 edell\u00e4 mainittuihin<br>asiakassuhteen yll\u00e4pit\u00e4miseen liittyviin tarkoituksiin.<\/p>\n\n\n\n<p><br><strong>Henkil\u00f6rekisterin k\u00e4ytt\u00f6tarkoitus ja k\u00e4sittelyperuste<\/strong>&nbsp;<\/p>\n\n\n\n<p><br>Henkil\u00f6tietoja k\u00e4sitell\u00e4\u00e4n voimassa olevan lains\u00e4\u00e4d\u00e4nn\u00f6n sallimissa rajoissa<br>verkkopalvelun testaukseen, asiakassuhteen hoitamiseen sek\u00e4 palveluista<br>tiedottamiseen ja neuvontaan. Saatamme k\u00e4ytt\u00e4\u00e4 rekister\u00f6idyn tietoja<br>k\u00e4ytt\u00e4j\u00e4tilastojen ker\u00e4\u00e4miseen ja n\u00e4iden analysointiin. Ker\u00e4ttyj\u00e4 tietoja k\u00e4ytet\u00e4\u00e4n<br>my\u00f6s markkinointiviestint\u00e4\u00e4n. Henkil\u00f6tietojen k\u00e4sittely markkinointiviestint\u00e4\u00e4n<br>perustuu henkil\u00f6n antamaan suostumukseen yhteydenottolomakkeella.<br>Suoramarkkinointi lopetetaan asiakkaan pyynn\u00f6st\u00e4. Henkil\u00f6 voi milloin tahansa<br>peruuttaa suostumuksensa ilmoittamalla siit\u00e4 edell\u00e4 mainitulle yhteyshenkil\u00f6lle.<br>Henkil\u00f6tietojen k\u00e4sittely voi olla tarpeen Yrityksen ja rekister\u00f6idyn v\u00e4lisen<br>asiakassuhteen oikeutettujen etujen toteuttamiseksi. Yrityksell\u00e4 on oikeutettu etu<br>k\u00e4sitell\u00e4 henkil\u00f6tietoja markkinointi-, palvelu- ja asiakasanalyyseissa ja palvelun<br>testauksessa. Markkinointitarkoituksiin saattaa liitty\u00e4 my\u00f6s profilointia.<br>Rekister\u00f6idyll\u00e4 on t\u00e4ll\u00f6in oikeus vastustaa henkil\u00f6tietojen k\u00e4sittely\u00e4.&nbsp;<\/p>\n\n\n\n<p><br><strong>Henkil\u00f6tietojen k\u00e4sittelij\u00e4t<\/strong>&nbsp;<\/p>\n\n\n\n<p><br>Henkil\u00f6tietoihin on p\u00e4\u00e4sy vain asiakassuhteen hallinnoinnista ja markkinoinnista<br>vastaavilla henkil\u00f6ill\u00e4.&nbsp;<\/p>\n\n\n\n<p><br><strong>Tietojen luovutus<\/strong>&nbsp;<\/p>\n\n\n\n<p><br>Henkil\u00f6tietoja ei luovuteta kolmansille osapuolille, eik\u00e4 siirret\u00e4 Euroopan unionin tai<br>Euroopan talousalueen ulkopuolelle, ellei se ole palvelun teknisen toteuttamisen<br>vuoksi tarpeellista. Mahdollisissa tietojen luovuttamisen ja siirt\u00e4misen tilanteissa<br>noudatetaan tietosuojalains\u00e4\u00e4d\u00e4nn\u00f6n vaatimaa tietosuojan tasoa ja muita tarvittavia<br>turvatoimia.&nbsp;<\/p>\n\n\n\n<p><br><strong>Ev\u00e4steet<\/strong>&nbsp;<\/p>\n\n\n\n<p><br>K\u00e4yt\u00e4mme sivustollamme ev\u00e4steit\u00e4 ja muita vastaavia tekniikoita. Ev\u00e4ste on pieni<br>tekstitiedosto, jonka selain tallentaa k\u00e4ytt\u00e4j\u00e4n p\u00e4\u00e4telaitteelle. Ev\u00e4steet sis\u00e4lt\u00e4v\u00e4t<br>nimett\u00f6m\u00e4n, yksil\u00f6llisen tunnisteen, jonka avulla voimme tunnistaa ja laskea<br>sivustollamme vierailevat eri selaimet. Ev\u00e4steiden ja muiden vastaavien<br>tekniikoiden k\u00e4yt\u00f6n tarkoituksena on analysoida ja kehitt\u00e4\u00e4 palvelujamme edelleen<br>k\u00e4ytt\u00e4ji\u00e4 paremmin palveleviksi sek\u00e4 kohdentaa mainontaa. K\u00e4ytt\u00e4j\u00e4 voi est\u00e4\u00e4<br>ev\u00e4steiden k\u00e4yt\u00f6n tai tyhjent\u00e4\u00e4 ev\u00e4steet selaimen asetuksista.&nbsp;<\/p>\n\n\n\n<p><br><strong>Rekisterin suojaus<\/strong>&nbsp;<\/p>\n\n\n\n<p><br>Suojaamme henkil\u00f6tietoja asianmukaisin teknisin ja organisatorisin menetelmin.<br>Tiedot ker\u00e4t\u00e4\u00e4n tietokantoihin, jotka ovat palomuurein, salasanoin ja muin teknisin<br>tietoturvakeinoin suojattuja. Tietokannat ja niiden varmuuskopiot sijaitsevat<br>lukituissa ja vartioiduissa tiloissa ja tietoihin p\u00e4\u00e4sev\u00e4t k\u00e4siksi vain tietyt, ennalta<br>nimetyt henkil\u00f6t.&nbsp;<\/p>\n\n\n\n<p><br><strong>Henkil\u00f6tietojen s\u00e4ilytysaika ja h\u00e4vitt\u00e4minen<\/strong>&nbsp;<\/p>\n\n\n\n<p><br>Henkil\u00f6tietoja s\u00e4ilytet\u00e4\u00e4n niin kauan kuin niit\u00e4 tarvitaan siihen tarkoitukseen, jota<br>varten ne on ker\u00e4tty ja k\u00e4sitelty, tai sopimuksen t\u00e4yt\u00e4nt\u00f6\u00f6n panemiseen tai niin<br>kauan kuin laki ja s\u00e4\u00e4nn\u00f6kset niin edellytt\u00e4v\u00e4t. T\u00e4m\u00e4n j\u00e4lkeen henkil\u00f6tiedot<br>tuhotaan asianmukaisesti.&nbsp;<\/p>\n\n\n\n<p><br><strong>Rekister\u00f6idyn oikeudet<\/strong>&nbsp;<\/p>\n\n\n\n<p><br>Rekister\u00f6idyll\u00e4 on seuraavat oikeudet:&nbsp;<br>1. Rekister\u00f6ity p\u00e4\u00e4see pyyt\u00e4ess\u00e4 h\u00e4nt\u00e4 koskeviin henkil\u00f6tietoihin liikesalaisuuden ja<br>    sis\u00e4isten arvioiden sallimissa rajoissa. Tarkastuspyynt\u00f6 tulee l\u00e4hett\u00e4\u00e4 edell\u00e4<br>    mainitulle yhteyshenkil\u00f6lle kirjallisesti ja allekirjoitettuna sek\u00e4 henkil\u00f6n on<br>    tunnistauduttava luotettavalla tavalla.&nbsp;<br>2. Rekister\u00f6ity voi pyyt\u00e4\u00e4 tietojen oikaisua, jos tiedot ovat puutteellisia tai virheellisi\u00e4.&nbsp;<br>3. Rekister\u00f6ity voi pyyt\u00e4\u00e4 tietojen poistamista, milloin niiden k\u00e4sittelyyn ei ole<br>    tietosuojaa koskevassa lains\u00e4\u00e4d\u00e4nn\u00f6ss\u00e4 tarkoitettua ja rekister\u00f6idyn<br>    suostumuksesta riippumatonta syyt\u00e4.<br>4. Rekister\u00f6idyll\u00e4 on oikeus rajoittaa henkil\u00f6tietojen k\u00e4sittely\u00e4, jos tietojen oikeellisuus<br>    tai lainmukaisuus n\u00e4in edellytt\u00e4\u00e4, tai vastustamisoikeuden mukaisesti rekister\u00f6ity<br>    pyyt\u00e4\u00e4 rajoittamaan henkil\u00f6tietojen k\u00e4sittely\u00e4 vain tietojen s\u00e4ilytt\u00e4miseen.&nbsp;<br>5. Rekister\u00f6idyll\u00e4 on oikeus vastustaa tietojen k\u00e4sittely\u00e4 suoramarkkinointitarkoituksiin<br>    Yrityksen oikeutetun edun perusteella.&nbsp;<br>6. Rekister\u00f6ity voi pyyt\u00e4\u00e4 tietojen siirt\u00e4mist\u00e4 toiselle rekisterinpit\u00e4j\u00e4lle, mik\u00e4li se on<br>   turvallista ja teknisesti mahdollista.&nbsp;<br>7. Rekister\u00f6idyn tulee l\u00e4hett\u00e4\u00e4 oikeuksiaan koskevat pyynn\u00f6t kirjallisena tai<br>    s\u00e4hk\u00f6postitse seuraavilla yhteystiedoilla:&nbsp;<br><br><strong>Sis\u00e4-Suomen Saarirakennus Oy<\/strong>&nbsp;<br><strong>Tarkastus-\/muu henkil\u00f6tietoihin kohdistuva pyynt\u00f6<\/strong>:&nbsp;<br><strong>info@saarirakentajat.fi<\/strong>&nbsp;<br><strong>Yritys vastaa pyynt\u00f6ihin 1 kuukauden sis\u00e4ll\u00e4 pyynn\u00f6n esitt\u00e4misest\u00e4, ellei ole<\/strong><br><strong>erityisi\u00e4 syit\u00e4 pident\u00e4\u00e4 vastaamisaikaa.<\/strong>&nbsp;<\/p>\n","protected":false},"excerpt":{"rendered":"<p>Rekisterinpit\u00e4j\u00e4&nbsp; Sis\u00e4-Suomen Saarirakennus Oy \u202f(y-tunnus: 3204695-1)\u00a0My\u00f6hemmin t\u00e4ss\u00e4 selosteessa \u202fYritysTietosuoja-asioista vastaava henkil\u00f6 ja\/tai yhteyshenkil\u00f6Reima Tast\u00a0044 \u2013 206 6778\u00a0info@saarirakentajat.fi Henkil\u00f6rekisterin nimi Sis\u00e4-Suomen Saarirakennus Oy\u202f asiakas- ja markkinointirekisteri&nbsp; Ker\u00e4tt\u00e4v\u00e4t henkil\u00f6tiedot Ker\u00e4\u00e4mme asiakassuhteen hoitamiseksi tarpeellisia henkil\u00f6tietoja, kuten asiakkaannimi ja yhteystiedot sek\u00e4 palvelun k\u00e4ytt\u00e4j\u00e4tietoja. Ker\u00e4\u00e4mme henkil\u00f6tiedotrekister\u00f6idylt\u00e4 itselt\u00e4\u00e4n sek\u00e4 muista julkisista saatavilla olevista viranomaisenyll\u00e4pit\u00e4mist\u00e4 rekistereist\u00e4 ja muista ulkoisista l\u00e4hteist\u00e4, kuten kaupparekisterist\u00e4 &hellip; <\/p>\n<p class=\"link-more\"><a href=\"https:\/\/www.saarirakentajat.fi\/index.php\/tietosuojaseloste\/\" class=\"more-link\">Continue reading<span class=\"screen-reader-text\"> &#8220;Tietosuojaseloste&#8221;<\/span><\/a><\/p>\n","protected":false},"author":1,"featured_media":0,"parent":0,"menu_order":0,"comment_status":"closed","ping_status":"closed","template":"","meta":[],"yoast_head":"<!-- This site is optimized with the Yoast SEO plugin v19.13 - https:\/\/yoast.com\/wordpress\/plugins\/seo\/ -->\n<title>Tietosuojaseloste - Saarirakentajat<\/title>\n<meta name=\"robots\" content=\"index, follow, max-snippet:-1, max-image-preview:large, max-video-preview:-1\" \/>\n<link rel=\"canonical\" href=\"https:\/\/www.saarirakentajat.fi\/index.php\/tietosuojaseloste\/\" \/>\n<meta property=\"og:locale\" content=\"en_US\" \/>\n<meta property=\"og:type\" content=\"article\" \/>\n<meta property=\"og:title\" content=\"Tietosuojaseloste - Saarirakentajat\" \/>\n<meta property=\"og:description\" content=\"Rekisterinpit\u00e4j\u00e4&nbsp; Sis\u00e4-Suomen Saarirakennus Oy \u202f(y-tunnus: 3204695-1)\u00a0My\u00f6hemmin t\u00e4ss\u00e4 selosteessa \u202fYritysTietosuoja-asioista vastaava henkil\u00f6 ja\/tai yhteyshenkil\u00f6Reima Tast\u00a0044 \u2013 206 6778\u00a0info@saarirakentajat.fi Henkil\u00f6rekisterin nimi Sis\u00e4-Suomen Saarirakennus Oy\u202f asiakas- ja markkinointirekisteri&nbsp; Ker\u00e4tt\u00e4v\u00e4t henkil\u00f6tiedot Ker\u00e4\u00e4mme asiakassuhteen hoitamiseksi tarpeellisia henkil\u00f6tietoja, kuten asiakkaannimi ja yhteystiedot sek\u00e4 palvelun k\u00e4ytt\u00e4j\u00e4tietoja. Ker\u00e4\u00e4mme henkil\u00f6tiedotrekister\u00f6idylt\u00e4 itselt\u00e4\u00e4n sek\u00e4 muista julkisista saatavilla olevista viranomaisenyll\u00e4pit\u00e4mist\u00e4 rekistereist\u00e4 ja muista ulkoisista l\u00e4hteist\u00e4, kuten kaupparekisterist\u00e4 &hellip; Continue reading &quot;Tietosuojaseloste&quot;\" \/>\n<meta property=\"og:url\" content=\"https:\/\/www.saarirakentajat.fi\/index.php\/tietosuojaseloste\/\" \/>\n<meta property=\"og:site_name\" content=\"Saarirakentajat\" \/>\n<meta property=\"article:modified_time\" content=\"2025-02-14T19:40:51+00:00\" \/>\n<meta name=\"twitter:card\" content=\"summary_large_image\" \/>\n<meta name=\"twitter:label1\" content=\"Est. reading time\" \/>\n\t<meta name=\"twitter:data1\" content=\"3 minutes\" \/>\n<script type=\"application\/ld+json\" class=\"yoast-schema-graph\">{\"@context\":\"https:\/\/schema.org\",\"@graph\":[{\"@type\":\"WebPage\",\"@id\":\"https:\/\/www.saarirakentajat.fi\/index.php\/tietosuojaseloste\/\",\"url\":\"https:\/\/www.saarirakentajat.fi\/index.php\/tietosuojaseloste\/\",\"name\":\"Tietosuojaseloste - Saarirakentajat\",\"isPartOf\":{\"@id\":\"https:\/\/www.saarirakentajat.fi\/#website\"},\"datePublished\":\"2022-03-08T07:07:36+00:00\",\"dateModified\":\"2025-02-14T19:40:51+00:00\",\"breadcrumb\":{\"@id\":\"https:\/\/www.saarirakentajat.fi\/index.php\/tietosuojaseloste\/#breadcrumb\"},\"inLanguage\":\"en-US\",\"potentialAction\":[{\"@type\":\"ReadAction\",\"target\":[\"https:\/\/www.saarirakentajat.fi\/index.php\/tietosuojaseloste\/\"]}]},{\"@type\":\"BreadcrumbList\",\"@id\":\"https:\/\/www.saarirakentajat.fi\/index.php\/tietosuojaseloste\/#breadcrumb\",\"itemListElement\":[{\"@type\":\"ListItem\",\"position\":1,\"name\":\"Home\",\"item\":\"https:\/\/www.saarirakentajat.fi\/\"},{\"@type\":\"ListItem\",\"position\":2,\"name\":\"Tietosuojaseloste\"}]},{\"@type\":\"WebSite\",\"@id\":\"https:\/\/www.saarirakentajat.fi\/#website\",\"url\":\"https:\/\/www.saarirakentajat.fi\/\",\"name\":\"Saarirakentajat\",\"description\":\"Sis\u00e4-Suomen Saarirakennus Oy\",\"potentialAction\":[{\"@type\":\"SearchAction\",\"target\":{\"@type\":\"EntryPoint\",\"urlTemplate\":\"https:\/\/www.saarirakentajat.fi\/?s={search_term_string}\"},\"query-input\":\"required name=search_term_string\"}],\"inLanguage\":\"en-US\"}]}<\/script>\n<!-- \/ Yoast SEO plugin. -->","yoast_head_json":{"title":"Tietosuojaseloste - Saarirakentajat","robots":{"index":"index","follow":"follow","max-snippet":"max-snippet:-1","max-image-preview":"max-image-preview:large","max-video-preview":"max-video-preview:-1"},"canonical":"https:\/\/www.saarirakentajat.fi\/index.php\/tietosuojaseloste\/","og_locale":"en_US","og_type":"article","og_title":"Tietosuojaseloste - Saarirakentajat","og_description":"Rekisterinpit\u00e4j\u00e4&nbsp; Sis\u00e4-Suomen Saarirakennus Oy \u202f(y-tunnus: 3204695-1)\u00a0My\u00f6hemmin t\u00e4ss\u00e4 selosteessa \u202fYritysTietosuoja-asioista vastaava henkil\u00f6 ja\/tai yhteyshenkil\u00f6Reima Tast\u00a0044 \u2013 206 6778\u00a0info@saarirakentajat.fi Henkil\u00f6rekisterin nimi Sis\u00e4-Suomen Saarirakennus Oy\u202f asiakas- ja markkinointirekisteri&nbsp; Ker\u00e4tt\u00e4v\u00e4t henkil\u00f6tiedot Ker\u00e4\u00e4mme asiakassuhteen hoitamiseksi tarpeellisia henkil\u00f6tietoja, kuten asiakkaannimi ja yhteystiedot sek\u00e4 palvelun k\u00e4ytt\u00e4j\u00e4tietoja. Ker\u00e4\u00e4mme henkil\u00f6tiedotrekister\u00f6idylt\u00e4 itselt\u00e4\u00e4n sek\u00e4 muista julkisista saatavilla olevista viranomaisenyll\u00e4pit\u00e4mist\u00e4 rekistereist\u00e4 ja muista ulkoisista l\u00e4hteist\u00e4, kuten kaupparekisterist\u00e4 &hellip; Continue reading \"Tietosuojaseloste\"","og_url":"https:\/\/www.saarirakentajat.fi\/index.php\/tietosuojaseloste\/","og_site_name":"Saarirakentajat","article_modified_time":"2025-02-14T19:40:51+00:00","twitter_card":"summary_large_image","twitter_misc":{"Est. reading time":"3 minutes"},"schema":{"@context":"https:\/\/schema.org","@graph":[{"@type":"WebPage","@id":"https:\/\/www.saarirakentajat.fi\/index.php\/tietosuojaseloste\/","url":"https:\/\/www.saarirakentajat.fi\/index.php\/tietosuojaseloste\/","name":"Tietosuojaseloste - Saarirakentajat","isPartOf":{"@id":"https:\/\/www.saarirakentajat.fi\/#website"},"datePublished":"2022-03-08T07:07:36+00:00","dateModified":"2025-02-14T19:40:51+00:00","breadcrumb":{"@id":"https:\/\/www.saarirakentajat.fi\/index.php\/tietosuojaseloste\/#breadcrumb"},"inLanguage":"en-US","potentialAction":[{"@type":"ReadAction","target":["https:\/\/www.saarirakentajat.fi\/index.php\/tietosuojaseloste\/"]}]},{"@type":"BreadcrumbList","@id":"https:\/\/www.saarirakentajat.fi\/index.php\/tietosuojaseloste\/#breadcrumb","itemListElement":[{"@type":"ListItem","position":1,"name":"Home","item":"https:\/\/www.saarirakentajat.fi\/"},{"@type":"ListItem","position":2,"name":"Tietosuojaseloste"}]},{"@type":"WebSite","@id":"https:\/\/www.saarirakentajat.fi\/#website","url":"https:\/\/www.saarirakentajat.fi\/","name":"Saarirakentajat","description":"Sis\u00e4-Suomen Saarirakennus Oy","potentialAction":[{"@type":"SearchAction","target":{"@type":"EntryPoint","urlTemplate":"https:\/\/www.saarirakentajat.fi\/?s={search_term_string}"},"query-input":"required name=search_term_string"}],"inLanguage":"en-US"}]}},"_links":{"self":[{"href":"https:\/\/www.saarirakentajat.fi\/index.php\/wp-json\/wp\/v2\/pages\/124"}],"collection":[{"href":"https:\/\/www.saarirakentajat.fi\/index.php\/wp-json\/wp\/v2\/pages"}],"about":[{"href":"https:\/\/www.saarirakentajat.fi\/index.php\/wp-json\/wp\/v2\/types\/page"}],"author":[{"embeddable":true,"href":"https:\/\/www.saarirakentajat.fi\/index.php\/wp-json\/wp\/v2\/users\/1"}],"replies":[{"embeddable":true,"href":"https:\/\/www.saarirakentajat.fi\/index.php\/wp-json\/wp\/v2\/comments?post=124"}],"version-history":[{"count":1,"href":"https:\/\/www.saarirakentajat.fi\/index.php\/wp-json\/wp\/v2\/pages\/124\/revisions"}],"predecessor-version":[{"id":435,"href":"https:\/\/www.saarirakentajat.fi\/index.php\/wp-json\/wp\/v2\/pages\/124\/revisions\/435"}],"wp:attachment":[{"href":"https:\/\/www.saarirakentajat.fi\/index.php\/wp-json\/wp\/v2\/media?parent=124"}],"curies":[{"name":"wp","href":"https:\/\/api.w.org\/{rel}","templated":true}]}}