{"id":214,"date":"2022-02-01T12:37:50","date_gmt":"2022-02-01T10:37:50","guid":{"rendered":"http:\/\/localhost:8888\/?page_id=5"},"modified":"2025-02-14T19:33:33","modified_gmt":"2025-02-14T19:33:33","slug":"yhteystiedot","status":"publish","type":"page","link":"https:\/\/www.saarirakentajat.fi\/index.php\/yhteystiedot\/","title":{"rendered":"Yhteystiedot"},"content":{"rendered":"\n<p class=\"has-text-align-left\" style=\"font-size:18px\"><strong>J\u00e4t\u00e4 tarjous tai yhteydenottopyynt\u00f6, niin olemme sinuun yhteydess\u00e4 mahdollisimman pian. <\/strong><\/p><br>\n\n\n\n<div class=\"wp-block-columns\">\n<div class=\"wp-block-column\" style=\"flex-basis:33.33%\">\n<p class=\"has-text-align-left\" style=\"font-size:18px\">Suomen Saarirakennus Oy\u00a0<br>Y-tunnus: 3204695-1\u00a0<br>Putikontie 17\u00a0<br>44800 PIHTIPUDAS\u00a0  info@saarirakentajat.fi<\/p>\n\n\n\n<p><\/p>\n\n\n\n<p><\/p>\n\n\n\n<p class=\"has-text-align-left\" style=\"font-size:18px\">MEID\u00c4T TAVOITTAA : <\/p>\n\n\n\n<p class=\"has-text-align-left\" style=\"font-size:18px\">JUHA 040 \u2013 580 4819<br>REIMA 044 \u2013 206 6778<\/p>\n<\/div>\n\n\n\n<div class=\"wp-block-column\" style=\"flex-basis:66.66%\">\n<div class=\"wp-block-contact-form-7-contact-form-selector\"><div role=\"form\" class=\"wpcf7\" id=\"wpcf7-f322-o1\" lang=\"en-US\" dir=\"ltr\">\n<div class=\"screen-reader-response\"><p role=\"status\" aria-live=\"polite\" aria-atomic=\"true\"><\/p> <ul><\/ul><\/div>\n<form action=\"\/index.php\/wp-json\/wp\/v2\/pages\/214#wpcf7-f322-o1\" method=\"post\" class=\"wpcf7-form init\" novalidate=\"novalidate\" data-status=\"init\">\n<div style=\"display: none;\">\n<input type=\"hidden\" name=\"_wpcf7\" value=\"322\" \/>\n<input type=\"hidden\" name=\"_wpcf7_version\" value=\"5.6.4\" \/>\n<input type=\"hidden\" name=\"_wpcf7_locale\" value=\"en_US\" \/>\n<input type=\"hidden\" name=\"_wpcf7_unit_tag\" value=\"wpcf7-f322-o1\" \/>\n<input type=\"hidden\" name=\"_wpcf7_container_post\" value=\"0\" \/>\n<input type=\"hidden\" name=\"_wpcf7_posted_data_hash\" value=\"\" \/>\n<\/div>\n<p><label> Asiani koskee* <\/label><br \/>\n<span class=\"wpcf7-form-control-wrap\" data-name=\"checkbox-164\"><span class=\"wpcf7-form-control wpcf7-checkbox wpcf7-validates-as-required\"><span class=\"wpcf7-list-item first\"><input type=\"checkbox\" name=\"checkbox-164[]\" value=\"Apumiesty\u00f6\" \/><span class=\"wpcf7-list-item-label\">Apumiesty\u00f6<\/span><\/span><span class=\"wpcf7-list-item\"><input type=\"checkbox\" name=\"checkbox-164[]\" value=\"Rakennusty\u00f6t\" \/><span class=\"wpcf7-list-item-label\">Rakennusty\u00f6t<\/span><\/span><span class=\"wpcf7-list-item\"><input type=\"checkbox\" name=\"checkbox-164[]\" value=\"Laiturin rakentaminen\" \/><span class=\"wpcf7-list-item-label\">Laiturin rakentaminen<\/span><\/span><span class=\"wpcf7-list-item\"><input type=\"checkbox\" name=\"checkbox-164[]\" value=\"Pihaty\u00f6t \/ Puuty\u00f6t\" \/><span class=\"wpcf7-list-item-label\">Pihaty\u00f6t \/ Puuty\u00f6t<\/span><\/span><span class=\"wpcf7-list-item\"><input type=\"checkbox\" name=\"checkbox-164[]\" value=\"Siivouspalvelu\" \/><span class=\"wpcf7-list-item-label\">Siivouspalvelu<\/span><\/span><span class=\"wpcf7-list-item\"><input type=\"checkbox\" name=\"checkbox-164[]\" value=\"Maa-ainesten kuljetus\" \/><span class=\"wpcf7-list-item-label\">Maa-ainesten kuljetus<\/span><\/span><span class=\"wpcf7-list-item\"><input type=\"checkbox\" name=\"checkbox-164[]\" value=\"Rakennustarvikkeiden kuljetus\" \/><span class=\"wpcf7-list-item-label\">Rakennustarvikkeiden kuljetus<\/span><\/span><span class=\"wpcf7-list-item\"><input type=\"checkbox\" name=\"checkbox-164[]\" value=\"Kaivuuty\u00f6t 2,5t pienkaivinkone\" \/><span class=\"wpcf7-list-item-label\">Kaivuuty\u00f6t 2,5t pienkaivinkone<\/span><\/span><span class=\"wpcf7-list-item last\"><input type=\"checkbox\" name=\"checkbox-164[]\" value=\"M\u00f6kkitalkkari\" \/><span class=\"wpcf7-list-item-label\">M\u00f6kkitalkkari<\/span><\/span><\/span><\/span><\/p>\n<p><label> Muu asiani<br \/>\n<span class=\"wpcf7-form-control-wrap\" data-name=\"textarea-347\"><textarea name=\"textarea-347\" cols=\"40\" rows=\"10\" class=\"wpcf7-form-control wpcf7-textarea\" aria-invalid=\"false\"><\/textarea><\/span> <\/label><\/p>\n<p><label> Toivottu ajankohta*<br \/>\n<span class=\"wpcf7-form-control-wrap\" data-name=\"date-615\"><input type=\"date\" name=\"date-615\" value=\"\" class=\"wpcf7-form-control wpcf7-date wpcf7-validates-as-required wpcf7-validates-as-date\" aria-required=\"true\" aria-invalid=\"false\" \/><\/span> <\/label><\/p>\n<p><label> Nimi*<br \/>\n    <span class=\"wpcf7-form-control-wrap\" data-name=\"your-name\"><input type=\"text\" name=\"your-name\" value=\"\" size=\"40\" class=\"wpcf7-form-control wpcf7-text wpcf7-validates-as-required\" aria-required=\"true\" aria-invalid=\"false\" \/><\/span> <\/label><\/p>\n<p><label> S\u00e4hk\u00f6posti*<br \/>\n    <span class=\"wpcf7-form-control-wrap\" data-name=\"your-email\"><input type=\"email\" name=\"your-email\" value=\"\" size=\"40\" class=\"wpcf7-form-control wpcf7-text wpcf7-email wpcf7-validates-as-required wpcf7-validates-as-email\" aria-required=\"true\" aria-invalid=\"false\" \/><\/span> <\/label><\/p>\n<p><label> Puhelinnumero*<br \/>\n<span class=\"wpcf7-form-control-wrap\" data-name=\"tel-556\"><input type=\"tel\" name=\"tel-556\" value=\"\" size=\"40\" class=\"wpcf7-form-control wpcf7-text wpcf7-tel wpcf7-validates-as-required wpcf7-validates-as-tel\" aria-required=\"true\" aria-invalid=\"false\" \/><\/span> <\/label><\/p>\n<p><label> Viesti (valinnainen)<br \/>\n    <span class=\"wpcf7-form-control-wrap\" data-name=\"your-message\"><textarea name=\"your-message\" cols=\"40\" rows=\"10\" class=\"wpcf7-form-control wpcf7-textarea\" aria-invalid=\"false\"><\/textarea><\/span> <\/label><\/p>\n<p><label> Toivon ett\u00e4 minuun ollaan yhteydess\u00e4* <\/label><br \/>\n<span class=\"wpcf7-form-control-wrap\" data-name=\"checkbox-596\"><span class=\"wpcf7-form-control wpcf7-checkbox wpcf7-validates-as-required\"><span class=\"wpcf7-list-item first\"><label><input type=\"checkbox\" name=\"checkbox-596[]\" value=\"Puhelimitse\" \/><span class=\"wpcf7-list-item-label\">Puhelimitse<\/span><\/label><\/span><span class=\"wpcf7-list-item last\"><label><input type=\"checkbox\" name=\"checkbox-596[]\" value=\"S\u00e4hk\u00f6postilla\" \/><span class=\"wpcf7-list-item-label\">S\u00e4hk\u00f6postilla<\/span><\/label><\/span><\/span><\/span><\/p>\n<p><input type=\"submit\" value=\"L\u00e4het\u00e4\" class=\"wpcf7-form-control has-spinner wpcf7-submit\" \/><\/p>\n<div class=\"wpcf7-response-output\" aria-hidden=\"true\"><\/div><\/form><\/div><\/div>\n<\/div>\n<\/div>\n\n\n\n<div class=\"wp-container-1 wp-block-buttons\"><\/div>\n\n\n\n<iframe src=\"https:\/\/www.google.com\/maps\/embed?pb=!1m14!1m12!1m3!1d122136.46494304332!2d25.313615869933496!3d61.424715947361996!2m3!1f0!2f0!3f0!3m2!1i1024!2i768!4f13.1!5e0!3m2!1sfi!2sfi!4v1645179376350!5m2!1sfi!2sfi\" width=\"100%\" height=\"450\" style=\"border:0;\" allowfullscreen=\"\" loading=\"lazy\"><\/iframe>\n\n\n\n<div class=\"wp-block-columns\">\n<div class=\"wp-block-column\" style=\"flex-basis:100%\"><\/div>\n<\/div>\n\n\n\n<p><\/p>\n","protected":false},"excerpt":{"rendered":"<p>J\u00e4t\u00e4 tarjous tai yhteydenottopyynt\u00f6, niin olemme sinuun yhteydess\u00e4 mahdollisimman pian. Suomen Saarirakennus Oy\u00a0Y-tunnus: 3204695-1\u00a0Putikontie 17\u00a044800 PIHTIPUDAS\u00a0 info@saarirakentajat.fi MEID\u00c4T TAVOITTAA : JUHA 040 \u2013 580 4819REIMA 044 \u2013 206 6778<\/p>\n","protected":false},"author":1,"featured_media":0,"parent":0,"menu_order":0,"comment_status":"closed","ping_status":"closed","template":"","meta":[],"yoast_head":"<!-- This site is optimized with the Yoast SEO plugin v19.13 - https:\/\/yoast.com\/wordpress\/plugins\/seo\/ -->\n<title>Yhteystiedot - Saarirakentajat<\/title>\n<meta name=\"description\" content=\"J\u00e4t\u00e4 tarjouspyynt\u00f6 tai yhteydenotto. Vastaamme siihen mahdollisimman pian.\" \/>\n<meta name=\"robots\" content=\"index, follow, max-snippet:-1, max-image-preview:large, max-video-preview:-1\" \/>\n<link rel=\"canonical\" href=\"https:\/\/www.saarirakentajat.fi\/index.php\/yhteystiedot\/\" \/>\n<meta property=\"og:locale\" content=\"en_US\" \/>\n<meta property=\"og:type\" content=\"article\" \/>\n<meta property=\"og:title\" content=\"Yhteystiedot - Saarirakentajat\" \/>\n<meta property=\"og:description\" content=\"J\u00e4t\u00e4 tarjouspyynt\u00f6 tai yhteydenotto. Vastaamme siihen mahdollisimman pian.\" \/>\n<meta property=\"og:url\" content=\"https:\/\/www.saarirakentajat.fi\/index.php\/yhteystiedot\/\" \/>\n<meta property=\"og:site_name\" content=\"Saarirakentajat\" \/>\n<meta property=\"article:modified_time\" content=\"2025-02-14T19:33:33+00:00\" \/>\n<meta name=\"twitter:card\" content=\"summary_large_image\" \/>\n<meta name=\"twitter:label1\" content=\"Est. reading time\" \/>\n\t<meta name=\"twitter:data1\" content=\"1 minute\" \/>\n<script type=\"application\/ld+json\" class=\"yoast-schema-graph\">{\"@context\":\"https:\/\/schema.org\",\"@graph\":[{\"@type\":\"WebPage\",\"@id\":\"https:\/\/www.saarirakentajat.fi\/index.php\/yhteystiedot\/\",\"url\":\"https:\/\/www.saarirakentajat.fi\/index.php\/yhteystiedot\/\",\"name\":\"Yhteystiedot - Saarirakentajat\",\"isPartOf\":{\"@id\":\"https:\/\/www.saarirakentajat.fi\/#website\"},\"datePublished\":\"2022-02-01T10:37:50+00:00\",\"dateModified\":\"2025-02-14T19:33:33+00:00\",\"description\":\"J\u00e4t\u00e4 tarjouspyynt\u00f6 tai yhteydenotto. Vastaamme siihen mahdollisimman pian.\",\"breadcrumb\":{\"@id\":\"https:\/\/www.saarirakentajat.fi\/index.php\/yhteystiedot\/#breadcrumb\"},\"inLanguage\":\"en-US\",\"potentialAction\":[{\"@type\":\"ReadAction\",\"target\":[\"https:\/\/www.saarirakentajat.fi\/index.php\/yhteystiedot\/\"]}]},{\"@type\":\"BreadcrumbList\",\"@id\":\"https:\/\/www.saarirakentajat.fi\/index.php\/yhteystiedot\/#breadcrumb\",\"itemListElement\":[{\"@type\":\"ListItem\",\"position\":1,\"name\":\"Home\",\"item\":\"https:\/\/www.saarirakentajat.fi\/\"},{\"@type\":\"ListItem\",\"position\":2,\"name\":\"Yhteystiedot\"}]},{\"@type\":\"WebSite\",\"@id\":\"https:\/\/www.saarirakentajat.fi\/#website\",\"url\":\"https:\/\/www.saarirakentajat.fi\/\",\"name\":\"Saarirakentajat\",\"description\":\"Sis\u00e4-Suomen Saarirakennus Oy\",\"potentialAction\":[{\"@type\":\"SearchAction\",\"target\":{\"@type\":\"EntryPoint\",\"urlTemplate\":\"https:\/\/www.saarirakentajat.fi\/?s={search_term_string}\"},\"query-input\":\"required name=search_term_string\"}],\"inLanguage\":\"en-US\"}]}<\/script>\n<!-- \/ Yoast SEO plugin. -->","yoast_head_json":{"title":"Yhteystiedot - Saarirakentajat","description":"J\u00e4t\u00e4 tarjouspyynt\u00f6 tai yhteydenotto. Vastaamme siihen mahdollisimman pian.","robots":{"index":"index","follow":"follow","max-snippet":"max-snippet:-1","max-image-preview":"max-image-preview:large","max-video-preview":"max-video-preview:-1"},"canonical":"https:\/\/www.saarirakentajat.fi\/index.php\/yhteystiedot\/","og_locale":"en_US","og_type":"article","og_title":"Yhteystiedot - Saarirakentajat","og_description":"J\u00e4t\u00e4 tarjouspyynt\u00f6 tai yhteydenotto. Vastaamme siihen mahdollisimman pian.","og_url":"https:\/\/www.saarirakentajat.fi\/index.php\/yhteystiedot\/","og_site_name":"Saarirakentajat","article_modified_time":"2025-02-14T19:33:33+00:00","twitter_card":"summary_large_image","twitter_misc":{"Est. reading time":"1 minute"},"schema":{"@context":"https:\/\/schema.org","@graph":[{"@type":"WebPage","@id":"https:\/\/www.saarirakentajat.fi\/index.php\/yhteystiedot\/","url":"https:\/\/www.saarirakentajat.fi\/index.php\/yhteystiedot\/","name":"Yhteystiedot - Saarirakentajat","isPartOf":{"@id":"https:\/\/www.saarirakentajat.fi\/#website"},"datePublished":"2022-02-01T10:37:50+00:00","dateModified":"2025-02-14T19:33:33+00:00","description":"J\u00e4t\u00e4 tarjouspyynt\u00f6 tai yhteydenotto. Vastaamme siihen mahdollisimman pian.","breadcrumb":{"@id":"https:\/\/www.saarirakentajat.fi\/index.php\/yhteystiedot\/#breadcrumb"},"inLanguage":"en-US","potentialAction":[{"@type":"ReadAction","target":["https:\/\/www.saarirakentajat.fi\/index.php\/yhteystiedot\/"]}]},{"@type":"BreadcrumbList","@id":"https:\/\/www.saarirakentajat.fi\/index.php\/yhteystiedot\/#breadcrumb","itemListElement":[{"@type":"ListItem","position":1,"name":"Home","item":"https:\/\/www.saarirakentajat.fi\/"},{"@type":"ListItem","position":2,"name":"Yhteystiedot"}]},{"@type":"WebSite","@id":"https:\/\/www.saarirakentajat.fi\/#website","url":"https:\/\/www.saarirakentajat.fi\/","name":"Saarirakentajat","description":"Sis\u00e4-Suomen Saarirakennus Oy","potentialAction":[{"@type":"SearchAction","target":{"@type":"EntryPoint","urlTemplate":"https:\/\/www.saarirakentajat.fi\/?s={search_term_string}"},"query-input":"required name=search_term_string"}],"inLanguage":"en-US"}]}},"_links":{"self":[{"href":"https:\/\/www.saarirakentajat.fi\/index.php\/wp-json\/wp\/v2\/pages\/214"}],"collection":[{"href":"https:\/\/www.saarirakentajat.fi\/index.php\/wp-json\/wp\/v2\/pages"}],"about":[{"href":"https:\/\/www.saarirakentajat.fi\/index.php\/wp-json\/wp\/v2\/types\/page"}],"author":[{"embeddable":true,"href":"https:\/\/www.saarirakentajat.fi\/index.php\/wp-json\/wp\/v2\/users\/1"}],"replies":[{"embeddable":true,"href":"https:\/\/www.saarirakentajat.fi\/index.php\/wp-json\/wp\/v2\/comments?post=214"}],"version-history":[{"count":26,"href":"https:\/\/www.saarirakentajat.fi\/index.php\/wp-json\/wp\/v2\/pages\/214\/revisions"}],"predecessor-version":[{"id":430,"href":"https:\/\/www.saarirakentajat.fi\/index.php\/wp-json\/wp\/v2\/pages\/214\/revisions\/430"}],"wp:attachment":[{"href":"https:\/\/www.saarirakentajat.fi\/index.php\/wp-json\/wp\/v2\/media?parent=214"}],"curies":[{"name":"wp","href":"https:\/\/api.w.org\/{rel}","templated":true}]}}