{"id":97,"date":"2022-03-03T09:34:28","date_gmt":"2022-03-03T07:34:28","guid":{"rendered":"http:\/\/localhost:8888\/?page_id=97"},"modified":"2025-08-18T12:45:04","modified_gmt":"2025-08-18T12:45:04","slug":"etusivu","status":"publish","type":"page","link":"https:\/\/www.saarirakentajat.fi\/","title":{"rendered":"SAARIRAKENTAJAT OVAT APUNASI\u00a0"},"content":{"rendered":"\n<div class=\"alignnormal\"><div id=\"metaslider-id-201\" style=\"width: 100%;\" class=\"ml-slider-3-107-0 metaslider metaslider-flex metaslider-201 ml-slider has-dots-nav ms-theme-default\" role=\"region\" aria-label=\"New Slideshow\" data-height=\"300\" data-width=\"700\">\n    <div id=\"metaslider_container_201\">\n        <div id=\"metaslider_201\">\n            <ul class='slides'>\n                <li style=\"display: block; width: 100%;\" class=\"slide-206 ms-image \" aria-roledescription=\"slide\" data-date=\"2022-03-31 09:22:40\" data-filename=\"saarirak-palvelut-kuva-2-700x300.jpg\" data-slide-type=\"image\"><img src=\"https:\/\/www.saarirakentajat.fi\/wp-content\/uploads\/2022\/04\/saarirak-palvelut-kuva-2-700x300.jpg\" height=\"300\" width=\"700\" alt=\"Laituri saarimaisemassa, P\u00e4ij\u00e4nne\" class=\"slider-201 slide-206 msDefaultImage\" title=\"saarirakentajat.fi\" \/><\/li>\n                <li style=\"display: none; width: 100%;\" class=\"slide-205 ms-image \" aria-roledescription=\"slide\" data-date=\"2022-03-31 09:22:34\" data-filename=\"saarirak-palvelut-kuva-3-612x262.jpg\" data-slide-type=\"image\"><img src=\"https:\/\/www.saarirakentajat.fi\/wp-content\/uploads\/2022\/04\/saarirak-palvelut-kuva-3-612x262.jpg\" height=\"300\" width=\"700\" alt=\"M\u00f6kki saarimaisemassa, P\u00e4ij\u00e4nne\" class=\"slider-201 slide-205 msDefaultImage\" title=\"saarirakentajat.fi\" \/><\/li>\n                <li style=\"display: none; width: 100%;\" class=\"slide-207 ms-image \" aria-roledescription=\"slide\" data-date=\"2022-03-31 09:22:43\" data-filename=\"saarirak-palvelut-kuva-1-700x300.jpg\" data-slide-type=\"image\"><img src=\"https:\/\/www.saarirakentajat.fi\/wp-content\/uploads\/2022\/04\/saarirak-palvelut-kuva-1-700x300.jpg\" height=\"300\" width=\"700\" alt=\"Poukama, P\u00e4ij\u00e4nne\" class=\"slider-201 slide-207 msDefaultImage\" title=\"saarirakentajat.fi\" \/><\/li>\n                <li style=\"display: none; width: 100%;\" class=\"slide-213 ms-image \" aria-roledescription=\"slide\" data-date=\"2022-03-31 12:38:39\" data-filename=\"ETUSIVU-IMG_0668-scaled-700x300.jpg\" data-slide-type=\"image\"><img src=\"https:\/\/www.saarirakentajat.fi\/wp-content\/uploads\/2022\/04\/ETUSIVU-IMG_0668-scaled-700x300.jpg\" height=\"300\" width=\"700\" alt=\"Kaivinkone lautalla, P\u00e4ij\u00e4nne\" class=\"slider-201 slide-213 msDefaultImage\" title=\"saarirakentajat.fi\" \/><\/li>\n            <\/ul>\n        <\/div>\n        \n    <\/div>\n<\/div><\/div>\n\n\n\n<p class=\"has-text-align-center has-medium-font-size\"><strong><em>OTA YHTEYTT\u00c4 MEIHIN, NIIN SUUNNITELLAAN YHDESS\u00c4 TOTEUTUS.<\/em>&nbsp;<\/strong><\/p>\n\n\n\n<div class=\"wp-block-columns\">\n<div class=\"wp-block-column\">\n<p class=\"has-medium-font-size\">Sis\u00e4-Suomen Saarirakennus Oy on vuonna 2021 perustettu yritys, jonka kotipaikka on Padasjoki.&nbsp;<\/p>\n\n\n\n<p class=\"has-medium-font-size\">Yrityksen idea on tarjota P\u00e4ij\u00e4nteen kunnissa (Asikkala, Padasjoki, Sysm\u00e4 ja Kuhmoinen) alueella m\u00f6kinomistajille erilaisia rakentamiseen liittyvi\u00e4 palveluita.&nbsp;&nbsp;<\/p>\n\n\n\n<p class=\"has-medium-font-size\">Saarirakennuksella on lautta maa-ainesten kuljettamiseen saarim\u00f6killesi, sek\u00e4 Bobcat lastaukseen ja purkuun irtotavaralle. Voit my\u00f6s halutessa purkaa itse omilla ty\u00f6v\u00e4lineill\u00e4 kuorma. Palvelumme kattaa my\u00f6s 2,5t kaivinkoneella kivien kaivuut ja piharakentamisen ty\u00f6t.&nbsp;&nbsp;<\/p>\n<\/div>\n\n\n\n<div class=\"wp-block-column\">\n<p class=\"has-medium-font-size\">Saarirakentajien talkkari voi olla apuna polttopuiden teossa, p\u00e4tkimisess\u00e4 moottorisahalla, halkomista koneella tai olla vain apuk\u00e4sin\u00e4 erilaisissa t\u00f6iss\u00e4.&nbsp;&nbsp;<\/p>\n\n\n\n<p class=\"has-medium-font-size\">Tarvittaessa voimme hitsata uuden laiturin ponttoonit muovista tai rakentaa uuden kannen laiturille vaikka kyll\u00e4stetyst\u00e4 puutavarasta.&nbsp;<\/p>\n\n\n\n<p class=\"has-medium-font-size\">Kun olet ajatellut rakentaa piharakennuksen tai remontoida saunan ole yhteydess\u00e4 Saarirakennukseen, jotka tekee m\u00f6kkinne pienet rakennusty\u00f6t.\u00a0<\/p>\n\n\n\n<p>Toimimme Kuhmoisista k\u00e4sin ty\u00f6kohteisiin.<\/p>\n<\/div>\n<\/div>\n\n\n\n<p><\/p>\n","protected":false},"excerpt":{"rendered":"<p>OTA YHTEYTT\u00c4 MEIHIN, NIIN SUUNNITELLAAN YHDESS\u00c4 TOTEUTUS.&nbsp; Sis\u00e4-Suomen Saarirakennus Oy on vuonna 2021 perustettu yritys, jonka kotipaikka on Padasjoki.&nbsp; Yrityksen idea on tarjota P\u00e4ij\u00e4nteen kunnissa (Asikkala, Padasjoki, Sysm\u00e4 ja Kuhmoinen) alueella m\u00f6kinomistajille erilaisia rakentamiseen liittyvi\u00e4 palveluita.&nbsp;&nbsp; Saarirakennuksella on lautta maa-ainesten kuljettamiseen saarim\u00f6killesi, sek\u00e4 Bobcat lastaukseen ja purkuun irtotavaralle. Voit my\u00f6s halutessa purkaa itse omilla ty\u00f6v\u00e4lineill\u00e4 &hellip; <\/p>\n<p class=\"link-more\"><a href=\"https:\/\/www.saarirakentajat.fi\/\" class=\"more-link\">Continue reading<span class=\"screen-reader-text\"> &#8220;SAARIRAKENTAJAT OVAT APUNASI\u00a0&#8220;<\/span><\/a><\/p>\n","protected":false},"author":1,"featured_media":0,"parent":0,"menu_order":0,"comment_status":"closed","ping_status":"closed","template":"","meta":[],"yoast_head":"<!-- This site is optimized with the Yoast SEO plugin v19.13 - https:\/\/yoast.com\/wordpress\/plugins\/seo\/ -->\n<title>SAARIRAKENTAJAT OVAT APUNASI\u00a0 - Saarirakentajat<\/title>\n<meta name=\"description\" content=\"Saarirakentajat ovat apunasi kun tarvitset kuljetuspalveluja saareen. Lautallamme kulkevat maa-ainekset, polttopuut ja rakennustarvikkeet.\" \/>\n<meta name=\"robots\" content=\"index, follow, max-snippet:-1, max-image-preview:large, max-video-preview:-1\" \/>\n<link rel=\"canonical\" href=\"https:\/\/www.saarirakentajat.fi\/\" \/>\n<meta property=\"og:locale\" content=\"en_US\" \/>\n<meta property=\"og:type\" content=\"article\" \/>\n<meta property=\"og:title\" content=\"SAARIRAKENTAJAT OVAT APUNASI\u00a0 - Saarirakentajat\" \/>\n<meta property=\"og:description\" content=\"Saarirakentajat ovat apunasi kun tarvitset kuljetuspalveluja saareen. Lautallamme kulkevat maa-ainekset, polttopuut ja rakennustarvikkeet.\" \/>\n<meta property=\"og:url\" content=\"https:\/\/www.saarirakentajat.fi\/\" \/>\n<meta property=\"og:site_name\" content=\"Saarirakentajat\" \/>\n<meta property=\"article:modified_time\" content=\"2025-08-18T12:45:04+00:00\" \/>\n<meta name=\"twitter:card\" content=\"summary_large_image\" \/>\n<meta name=\"twitter:label1\" content=\"Est. reading time\" \/>\n\t<meta name=\"twitter:data1\" content=\"1 minute\" \/>\n<script type=\"application\/ld+json\" class=\"yoast-schema-graph\">{\"@context\":\"https:\/\/schema.org\",\"@graph\":[{\"@type\":\"WebPage\",\"@id\":\"https:\/\/www.saarirakentajat.fi\/\",\"url\":\"https:\/\/www.saarirakentajat.fi\/\",\"name\":\"SAARIRAKENTAJAT OVAT APUNASI\u00a0 - Saarirakentajat\",\"isPartOf\":{\"@id\":\"https:\/\/www.saarirakentajat.fi\/#website\"},\"datePublished\":\"2022-03-03T07:34:28+00:00\",\"dateModified\":\"2025-08-18T12:45:04+00:00\",\"description\":\"Saarirakentajat ovat apunasi kun tarvitset kuljetuspalveluja saareen. Lautallamme kulkevat maa-ainekset, polttopuut ja rakennustarvikkeet.\",\"breadcrumb\":{\"@id\":\"https:\/\/www.saarirakentajat.fi\/#breadcrumb\"},\"inLanguage\":\"en-US\",\"potentialAction\":[{\"@type\":\"ReadAction\",\"target\":[\"https:\/\/www.saarirakentajat.fi\/\"]}]},{\"@type\":\"BreadcrumbList\",\"@id\":\"https:\/\/www.saarirakentajat.fi\/#breadcrumb\",\"itemListElement\":[{\"@type\":\"ListItem\",\"position\":1,\"name\":\"Home\",\"item\":\"https:\/\/www.saarirakentajat.fi\/\"},{\"@type\":\"ListItem\",\"position\":2,\"name\":\"SAARIRAKENTAJAT OVAT APUNASI\u00a0\"}]},{\"@type\":\"WebSite\",\"@id\":\"https:\/\/www.saarirakentajat.fi\/#website\",\"url\":\"https:\/\/www.saarirakentajat.fi\/\",\"name\":\"Saarirakentajat\",\"description\":\"Sis\u00e4-Suomen Saarirakennus Oy\",\"potentialAction\":[{\"@type\":\"SearchAction\",\"target\":{\"@type\":\"EntryPoint\",\"urlTemplate\":\"https:\/\/www.saarirakentajat.fi\/?s={search_term_string}\"},\"query-input\":\"required name=search_term_string\"}],\"inLanguage\":\"en-US\"}]}<\/script>\n<!-- \/ Yoast SEO plugin. -->","yoast_head_json":{"title":"SAARIRAKENTAJAT OVAT APUNASI\u00a0 - Saarirakentajat","description":"Saarirakentajat ovat apunasi kun tarvitset kuljetuspalveluja saareen. Lautallamme kulkevat maa-ainekset, polttopuut ja rakennustarvikkeet.","robots":{"index":"index","follow":"follow","max-snippet":"max-snippet:-1","max-image-preview":"max-image-preview:large","max-video-preview":"max-video-preview:-1"},"canonical":"https:\/\/www.saarirakentajat.fi\/","og_locale":"en_US","og_type":"article","og_title":"SAARIRAKENTAJAT OVAT APUNASI\u00a0 - Saarirakentajat","og_description":"Saarirakentajat ovat apunasi kun tarvitset kuljetuspalveluja saareen. Lautallamme kulkevat maa-ainekset, polttopuut ja rakennustarvikkeet.","og_url":"https:\/\/www.saarirakentajat.fi\/","og_site_name":"Saarirakentajat","article_modified_time":"2025-08-18T12:45:04+00:00","twitter_card":"summary_large_image","twitter_misc":{"Est. reading time":"1 minute"},"schema":{"@context":"https:\/\/schema.org","@graph":[{"@type":"WebPage","@id":"https:\/\/www.saarirakentajat.fi\/","url":"https:\/\/www.saarirakentajat.fi\/","name":"SAARIRAKENTAJAT OVAT APUNASI\u00a0 - Saarirakentajat","isPartOf":{"@id":"https:\/\/www.saarirakentajat.fi\/#website"},"datePublished":"2022-03-03T07:34:28+00:00","dateModified":"2025-08-18T12:45:04+00:00","description":"Saarirakentajat ovat apunasi kun tarvitset kuljetuspalveluja saareen. Lautallamme kulkevat maa-ainekset, polttopuut ja rakennustarvikkeet.","breadcrumb":{"@id":"https:\/\/www.saarirakentajat.fi\/#breadcrumb"},"inLanguage":"en-US","potentialAction":[{"@type":"ReadAction","target":["https:\/\/www.saarirakentajat.fi\/"]}]},{"@type":"BreadcrumbList","@id":"https:\/\/www.saarirakentajat.fi\/#breadcrumb","itemListElement":[{"@type":"ListItem","position":1,"name":"Home","item":"https:\/\/www.saarirakentajat.fi\/"},{"@type":"ListItem","position":2,"name":"SAARIRAKENTAJAT OVAT APUNASI\u00a0"}]},{"@type":"WebSite","@id":"https:\/\/www.saarirakentajat.fi\/#website","url":"https:\/\/www.saarirakentajat.fi\/","name":"Saarirakentajat","description":"Sis\u00e4-Suomen Saarirakennus Oy","potentialAction":[{"@type":"SearchAction","target":{"@type":"EntryPoint","urlTemplate":"https:\/\/www.saarirakentajat.fi\/?s={search_term_string}"},"query-input":"required name=search_term_string"}],"inLanguage":"en-US"}]}},"_links":{"self":[{"href":"https:\/\/www.saarirakentajat.fi\/index.php\/wp-json\/wp\/v2\/pages\/97"}],"collection":[{"href":"https:\/\/www.saarirakentajat.fi\/index.php\/wp-json\/wp\/v2\/pages"}],"about":[{"href":"https:\/\/www.saarirakentajat.fi\/index.php\/wp-json\/wp\/v2\/types\/page"}],"author":[{"embeddable":true,"href":"https:\/\/www.saarirakentajat.fi\/index.php\/wp-json\/wp\/v2\/users\/1"}],"replies":[{"embeddable":true,"href":"https:\/\/www.saarirakentajat.fi\/index.php\/wp-json\/wp\/v2\/comments?post=97"}],"version-history":[{"count":6,"href":"https:\/\/www.saarirakentajat.fi\/index.php\/wp-json\/wp\/v2\/pages\/97\/revisions"}],"predecessor-version":[{"id":521,"href":"https:\/\/www.saarirakentajat.fi\/index.php\/wp-json\/wp\/v2\/pages\/97\/revisions\/521"}],"wp:attachment":[{"href":"https:\/\/www.saarirakentajat.fi\/index.php\/wp-json\/wp\/v2\/media?parent=97"}],"curies":[{"name":"wp","href":"https:\/\/api.w.org\/{rel}","templated":true}]}}